{"id":3,"date":"2026-04-04T01:05:11","date_gmt":"2026-04-03T23:05:11","guid":{"rendered":"http:\/\/depanaderia.com\/?page_id=3"},"modified":"2026-04-04T02:08:45","modified_gmt":"2026-04-04T00:08:45","slug":"politica-privacidad","status":"publish","type":"page","link":"https:\/\/depanaderia.com\/index.php\/politica-privacidad\/","title":{"rendered":"Pol\u00edtica de privacidad"},"content":{"rendered":"\t\t<div data-elementor-type=\"wp-page\" data-elementor-id=\"3\" class=\"elementor elementor-3\" data-elementor-post-type=\"page\">\n\t\t\t\t<div class=\"elementor-element elementor-element-5fc5a347 e-flex e-con-boxed e-con e-parent\" data-id=\"5fc5a347\" data-element_type=\"container\" data-e-type=\"container\">\n\t\t\t\t\t<div class=\"e-con-inner\">\n\t\t\t\t<div class=\"elementor-element elementor-element-72cf38a7 elementor-widget elementor-widget-text-editor\" data-id=\"72cf38a7\" data-element_type=\"widget\" data-e-type=\"widget\" data-widget_type=\"text-editor.default\">\n\t\t\t\t\t\t\t\t\t\n\n<h2 class=\"wp-block-heading\">Responsable del tratamiento<\/h2>\n\n\n<p><strong>DEPANADER\u00cdA S.COOP.GALEGA<\/strong><br>CIF: F16382095<br>Direcci\u00f3n: R\u00faa Padre Sarmiento, 11, S\u00e1rdoma, 36204 Vigo, Pontevedra<br>Email: info@depanaderia.com<\/p>\n\n\n\n<h2 class=\"wp-block-heading\">Finalidad del tratamiento<\/h2>\n\n\n<p>Tratamos los datos personales que nos facilitas a trav\u00e9s de los formularios de contacto o por correo electr\u00f3nico con la finalidad de atender consultas, gestionar solicitudes de informaci\u00f3n, tramitar pedidos y mantener comunicaciones comerciales relacionadas con nuestros servicios de panader\u00eda para hosteler\u00eda.<\/p>\n\n\n\n<h2 class=\"wp-block-heading\">Legitimaci\u00f3n<\/h2>\n\n\n<p>La base legal para el tratamiento de tus datos es el consentimiento del usuario al contactar con nosotros, as\u00ed como la aplicaci\u00f3n de medidas precontractuales o contractuales cuando exista una solicitud de pedido o una relaci\u00f3n comercial.<\/p>\n\n\n\n<h2 class=\"wp-block-heading\">Conservaci\u00f3n de los datos<\/h2>\n\n\n<p>Los datos se conservar\u00e1n durante el tiempo necesario para atender tu solicitud y, en su caso, durante los plazos legalmente exigidos para el cumplimiento de obligaciones legales, fiscales o mercantiles.<\/p>\n\n\n\n<h2 class=\"wp-block-heading\">Destinatarios<\/h2>\n\n\n<p>No se ceder\u00e1n datos a terceros salvo obligaci\u00f3n legal o cuando resulte necesario para la prestaci\u00f3n de servicios vinculados al funcionamiento t\u00e9cnico de la web, siempre bajo los correspondientes contratos de encargo de tratamiento.<\/p>\n\n\n\n<h2 class=\"wp-block-heading\">Derechos de las personas usuarias<\/h2>\n\n\n<p>Puedes ejercer tus derechos de acceso, rectificaci\u00f3n, supresi\u00f3n, oposici\u00f3n, limitaci\u00f3n del tratamiento y portabilidad enviando una solicitud a info@depanaderia.com, indicando claramente el derecho que deseas ejercer y acompa\u00f1ando una copia de un documento identificativo cuando sea necesario.<\/p>\n\n\n\n<h2 class=\"wp-block-heading\">Formulario de contacto<\/h2>\n\n\n<p>Los datos enviados a trav\u00e9s del formulario de contacto ser\u00e1n utilizados \u00fanicamente para responder a la consulta o gestionar la solicitud realizada por la persona usuaria.<\/p>\n\n\n\n<h2 class=\"wp-block-heading\">Cookies y servicios de terceros<\/h2>\n\n\n<p>La presente pol\u00edtica podr\u00e1 actualizarse cuando se incorporen herramientas como anal\u00edtica, mapas, sistemas anti-spam, formularios avanzados o cualquier otro servicio de terceros que implique tratamiento de datos personales o uso de cookies. Antes de publicar la web, recomendamos revisar y adaptar este apartado a la configuraci\u00f3n final del sitio.<\/p>\n\n\t\t\t\t\t\t\t\t<\/div>\n\t\t\t\t\t<\/div>\n\t\t\t\t<\/div>\n\t\t\t\t<\/div>\n\t\t","protected":false},"excerpt":{"rendered":"<p>Responsable del tratamiento DEPANADER\u00cdA S.COOP.GALEGACIF: F16382095Direcci\u00f3n: R\u00faa Padre Sarmiento, 11, S\u00e1rdoma, 36204 Vigo, PontevedraEmail: info@depanaderia.com Finalidad del tratamiento Tratamos los datos personales que nos facilitas a trav\u00e9s de los formularios de contacto o por correo electr\u00f3nico con la finalidad de atender consultas, gestionar solicitudes de informaci\u00f3n, tramitar pedidos y mantener comunicaciones comerciales relacionadas con nuestros [&hellip;]<\/p>\n","protected":false},"author":1,"featured_media":0,"parent":0,"menu_order":0,"comment_status":"closed","ping_status":"open","template":"","meta":{"footnotes":""},"class_list":["post-3","page","type-page","status-publish","hentry"],"_links":{"self":[{"href":"https:\/\/depanaderia.com\/index.php\/wp-json\/wp\/v2\/pages\/3","targetHints":{"allow":["GET"]}}],"collection":[{"href":"https:\/\/depanaderia.com\/index.php\/wp-json\/wp\/v2\/pages"}],"about":[{"href":"https:\/\/depanaderia.com\/index.php\/wp-json\/wp\/v2\/types\/page"}],"author":[{"embeddable":true,"href":"https:\/\/depanaderia.com\/index.php\/wp-json\/wp\/v2\/users\/1"}],"replies":[{"embeddable":true,"href":"https:\/\/depanaderia.com\/index.php\/wp-json\/wp\/v2\/comments?post=3"}],"version-history":[{"count":6,"href":"https:\/\/depanaderia.com\/index.php\/wp-json\/wp\/v2\/pages\/3\/revisions"}],"predecessor-version":[{"id":89,"href":"https:\/\/depanaderia.com\/index.php\/wp-json\/wp\/v2\/pages\/3\/revisions\/89"}],"wp:attachment":[{"href":"https:\/\/depanaderia.com\/index.php\/wp-json\/wp\/v2\/media?parent=3"}],"curies":[{"name":"wp","href":"https:\/\/api.w.org\/{rel}","templated":true}]}}