{"id":60,"date":"2026-04-04T01:51:35","date_gmt":"2026-04-03T23:51:35","guid":{"rendered":"https:\/\/depanaderia.com\/?page_id=60"},"modified":"2026-04-04T01:54:09","modified_gmt":"2026-04-03T23:54:09","slug":"sobre-nosotros","status":"publish","type":"page","link":"https:\/\/depanaderia.com\/index.php\/sobre-nosotros\/","title":{"rendered":"Sobre Nosotros"},"content":{"rendered":"\t\t<div data-elementor-type=\"wp-page\" data-elementor-id=\"60\" class=\"elementor elementor-60\" data-elementor-post-type=\"page\">\n\t\t\t\t<div class=\"elementor-element elementor-element-5d388e9d e-flex e-con-boxed e-con e-parent\" data-id=\"5d388e9d\" data-element_type=\"container\" data-e-type=\"container\">\n\t\t\t\t\t<div class=\"e-con-inner\">\n\t\t\t\t<div class=\"elementor-element elementor-element-15dacbe9 elementor-widget elementor-widget-heading\" data-id=\"15dacbe9\" data-element_type=\"widget\" data-e-type=\"widget\" data-widget_type=\"heading.default\">\n\t\t\t\t\t<h1 class=\"elementor-heading-title elementor-size-default\">Sobre nosotros<br> Nuestra historia<\/h1>\t\t\t\t<\/div>\n\t\t\t\t\t<\/div>\n\t\t\t\t<\/div>\n\t\t<div class=\"elementor-element elementor-element-45ad79be e-flex e-con-boxed e-con e-parent\" data-id=\"45ad79be\" data-element_type=\"container\" data-e-type=\"container\">\n\t\t\t\t\t<div class=\"e-con-inner\">\n\t\t<main class=\"elementor-element elementor-element-3ff08a58 e-con-full e-flex e-con e-child\" data-id=\"3ff08a58\" data-element_type=\"container\" data-e-type=\"container\">\n\t\t\t\t<div class=\"elementor-element elementor-element-4824b3ad elementor-widget__width-initial elementor-widget elementor-widget-text-editor\" data-id=\"4824b3ad\" data-element_type=\"widget\" data-e-type=\"widget\" data-widget_type=\"text-editor.default\">\n\t\t\t\t\t\t\t\t\t<p><strong>De Panader\u00eda<\/strong> es una cooperativa gallega especializada en la elaboraci\u00f3n y distribuci\u00f3n de productos de panader\u00eda para hosteler\u00eda en Vigo y en toda la provincia de Pontevedra.<\/p><p>El proyecto nace de la experiencia de sus fundadores, de origen brasile\u00f1o, que llegaron a Galicia buscando una nueva etapa de vida y encontraron en Vigo el lugar perfecto para crecer profesional y personalmente. Despu\u00e9s de trabajar durante a\u00f1os en panader\u00edas gallegas, adquirieron la experiencia necesaria para poner en marcha su propio obrador orientado al servicio diario para bares, cafeter\u00edas y otros negocios de hosteler\u00eda.<\/p><p>En nuestro d\u00eda a d\u00eda elaboramos <strong>churros, empanadas, croissants, palmeras de chocolate, empanadillas, boller\u00eda variada y galletas<\/strong>, siempre con un enfoque profesional, cercano y flexible. Adem\u00e1s, tambi\u00e9n realizamos <strong>productos personalizados por encargo<\/strong>, como empanadas de gran formato para raciones, bizcochos sin lactosa para acompa\u00f1ar caf\u00e9s o tapas adaptadas a las necesidades de cada local.<\/p><p>Nuestra propuesta combina la tradici\u00f3n panadera gallega con influencias brasile\u00f1as, lo que nos permite ofrecer tambi\u00e9n especialidades como <strong>coxinhas y otros postres brasile\u00f1os<\/strong> para clientes que buscan una oferta diferente.<\/p><p>Trabajamos con un objetivo claro: ser un proveedor fiable de producto fresco diario para hosteler\u00eda, con atenci\u00f3n directa, servicio constante y capacidad de adaptaci\u00f3n a cada cliente.<\/p>\t\t\t\t\t\t\t\t<\/div>\n\t\t\t\t<div class=\"elementor-element elementor-element-7cc3836c elementor-align-center elementor-widget elementor-widget-button\" data-id=\"7cc3836c\" data-element_type=\"widget\" data-e-type=\"widget\" data-widget_type=\"button.default\">\n\t\t\t\t\t\t\t\t\t\t<a class=\"elementor-button elementor-button-link elementor-size-sm\" href=\"mailto:info@depanaderia.com\">\n\t\t\t\t\t\t<span class=\"elementor-button-content-wrapper\">\n\t\t\t\t\t\t\t\t\t<span class=\"elementor-button-text\">Solicitar informaci\u00f3n<\/span>\n\t\t\t\t\t<\/span>\n\t\t\t\t\t<\/a>\n\t\t\t\t\t\t\t\t<\/div>\n\t\t\t\t<\/main>\n\t\t<div class=\"elementor-element elementor-element-62426cd9 e-con-full e-flex e-con e-child\" data-id=\"62426cd9\" data-element_type=\"container\" data-e-type=\"container\">\n\t\t<div class=\"elementor-element elementor-element-3054da2e e-con-full e-flex e-con e-child\" data-id=\"3054da2e\" data-element_type=\"container\" data-e-type=\"container\">\n\t\t\t\t<div class=\"elementor-element elementor-element-7fba22c1 elementor-widget elementor-widget-image\" data-id=\"7fba22c1\" data-element_type=\"widget\" data-e-type=\"widget\" data-widget_type=\"image.default\">\n\t\t\t\t\t\t\t\t\t\t\t\t\t\t\t<img fetchpriority=\"high\" decoding=\"async\" width=\"800\" height=\"534\" src=\"https:\/\/depanaderia.com\/wp-content\/uploads\/2026\/04\/placeholder-12-1024x683.png\" class=\"attachment-large size-large wp-image-32\" alt=\"\" srcset=\"https:\/\/depanaderia.com\/wp-content\/uploads\/2026\/04\/placeholder-12-1024x683.png 1024w, https:\/\/depanaderia.com\/wp-content\/uploads\/2026\/04\/placeholder-12-300x200.png 300w, https:\/\/depanaderia.com\/wp-content\/uploads\/2026\/04\/placeholder-12-768x512.png 768w, https:\/\/depanaderia.com\/wp-content\/uploads\/2026\/04\/placeholder-12.png 1200w\" sizes=\"(max-width: 800px) 100vw, 800px\" \/>\t\t\t\t\t\t\t\t\t\t\t\t\t\t\t<\/div>\n\t\t\t\t<\/div>\n\t\t<div class=\"elementor-element elementor-element-405d7e1e e-con-full e-flex e-con e-child\" data-id=\"405d7e1e\" data-element_type=\"container\" data-e-type=\"container\">\n\t\t\t\t<div class=\"elementor-element elementor-element-62690178 elementor-widget elementor-widget-image\" data-id=\"62690178\" data-element_type=\"widget\" data-e-type=\"widget\" data-widget_type=\"image.default\">\n\t\t\t\t\t\t\t\t\t\t\t\t\t\t\t<img decoding=\"async\" width=\"800\" height=\"534\" src=\"https:\/\/depanaderia.com\/wp-content\/uploads\/2026\/04\/placeholder-13-1024x683.png\" class=\"attachment-large size-large wp-image-33\" alt=\"\" srcset=\"https:\/\/depanaderia.com\/wp-content\/uploads\/2026\/04\/placeholder-13-1024x683.png 1024w, https:\/\/depanaderia.com\/wp-content\/uploads\/2026\/04\/placeholder-13-300x200.png 300w, https:\/\/depanaderia.com\/wp-content\/uploads\/2026\/04\/placeholder-13-768x512.png 768w, https:\/\/depanaderia.com\/wp-content\/uploads\/2026\/04\/placeholder-13.png 1200w\" sizes=\"(max-width: 800px) 100vw, 800px\" \/>\t\t\t\t\t\t\t\t\t\t\t\t\t\t\t<\/div>\n\t\t\t\t<\/div>\n\t\t\t\t<\/div>\n\t\t\t\t\t<\/div>\n\t\t\t\t<\/div>\n\t\t\t\t<\/div>\n\t\t","protected":false},"excerpt":{"rendered":"<p>Sobre nosotros Nuestra historia De Panader\u00eda es una cooperativa gallega especializada en la elaboraci\u00f3n y distribuci\u00f3n de productos de panader\u00eda para hosteler\u00eda en Vigo y en toda la provincia de Pontevedra. El proyecto nace de la experiencia de sus fundadores, de origen brasile\u00f1o, que llegaron a Galicia buscando una nueva etapa de vida y encontraron [&hellip;]<\/p>\n","protected":false},"author":1,"featured_media":0,"parent":0,"menu_order":0,"comment_status":"closed","ping_status":"closed","template":"","meta":{"footnotes":""},"class_list":["post-60","page","type-page","status-publish","hentry"],"_links":{"self":[{"href":"https:\/\/depanaderia.com\/index.php\/wp-json\/wp\/v2\/pages\/60","targetHints":{"allow":["GET"]}}],"collection":[{"href":"https:\/\/depanaderia.com\/index.php\/wp-json\/wp\/v2\/pages"}],"about":[{"href":"https:\/\/depanaderia.com\/index.php\/wp-json\/wp\/v2\/types\/page"}],"author":[{"embeddable":true,"href":"https:\/\/depanaderia.com\/index.php\/wp-json\/wp\/v2\/users\/1"}],"replies":[{"embeddable":true,"href":"https:\/\/depanaderia.com\/index.php\/wp-json\/wp\/v2\/comments?post=60"}],"version-history":[{"count":7,"href":"https:\/\/depanaderia.com\/index.php\/wp-json\/wp\/v2\/pages\/60\/revisions"}],"predecessor-version":[{"id":72,"href":"https:\/\/depanaderia.com\/index.php\/wp-json\/wp\/v2\/pages\/60\/revisions\/72"}],"wp:attachment":[{"href":"https:\/\/depanaderia.com\/index.php\/wp-json\/wp\/v2\/media?parent=60"}],"curies":[{"name":"wp","href":"https:\/\/api.w.org\/{rel}","templated":true}]}}